{"id":104,"date":"2023-11-16T18:52:37","date_gmt":"2023-11-16T17:52:37","guid":{"rendered":"https:\/\/arbekai.eus\/?page_id=104"},"modified":"2023-11-17T19:20:47","modified_gmt":"2023-11-17T18:20:47","slug":"politica-de-cookies","status":"publish","type":"page","link":"https:\/\/arbekai.eus\/eu\/politica-de-cookies\/","title":{"rendered":"Cookie politika"},"content":{"rendered":"<div data-elementor-type=\"wp-page\" data-elementor-id=\"104\" class=\"elementor elementor-104\" data-elementor-post-type=\"page\">\n\t\t\t\t<div class=\"elementor-element elementor-element-7d3abe1 e-flex e-con-boxed e-con e-parent\" data-id=\"7d3abe1\" data-element_type=\"container\" data-settings=\"{&quot;content_width&quot;:&quot;boxed&quot;}\" data-core-v316-plus=\"true\">\n\t\t\t\t\t<div class=\"e-con-inner\">\n\t\t\t\t<div class=\"elementor-element elementor-element-1b20fc9 elementor-widget elementor-widget-text-editor\" data-id=\"1b20fc9\" data-element_type=\"widget\" data-widget_type=\"text-editor.default\">\n\t\t\t\t<div class=\"elementor-widget-container\">\n\t\t\t<style>\/*! elementor - v3.19.0 - 28-02-2024 *\/\n.elementor-widget-text-editor.elementor-drop-cap-view-stacked .elementor-drop-cap{background-color:#69727d;color:#fff}.elementor-widget-text-editor.elementor-drop-cap-view-framed .elementor-drop-cap{color:#69727d;border:3px solid;background-color:transparent}.elementor-widget-text-editor:not(.elementor-drop-cap-view-default) .elementor-drop-cap{margin-top:8px}.elementor-widget-text-editor:not(.elementor-drop-cap-view-default) .elementor-drop-cap-letter{width:1em;height:1em}.elementor-widget-text-editor .elementor-drop-cap{float:left;text-align:center;line-height:1;font-size:50px}.elementor-widget-text-editor .elementor-drop-cap-letter{display:inline-block}<\/style>\t\t\t\t<h1>POL\u00cdTICA DE COOKIES<\/h1><h2>Concepto de Cookies<\/h2><p>Las cookies constituyen una herramienta empleada por los servidores Web para almacenar y recuperar informaci\u00f3n acerca de sus visitantes o usuarios. No es m\u00e1s que un fichero de texto que algunos servidores instalan durante la navegaci\u00f3n y que permiten conocer informaci\u00f3n como por ejemplo: el lugar desde el que accede, el tiempo de conexi\u00f3n, el dispositivo desde el que accede (fijo o m\u00f3vil), el sistema operativo y navegador utilizados, las p\u00e1ginas m\u00e1s visitadas, el n\u00famero de click realizados y de datos respecto al comportamiento del usuario en Internet. No proporcionan referencias que permitan deducir el nombre y apellidos del usuario y no pueden leer datos de su disco duro ni incluir virus en sus equipos. Asimismo, no puede leer las cookies implantadas en el disco duro del usuario desde otros servidores.<\/p><h2>\u00bfPor qu\u00e9 son importantes?<\/h2><p>El sitio web es accesible sin necesidad de que las cookies est\u00e9n activadas, si bien, su desactivaci\u00f3n puede impedir su funcionamiento correcto.<br \/>Desde un punto de vista t\u00e9cnico las cookies permiten que los sitios web funcionen de forma m\u00e1s \u00e1gil y adaptada a las preferencias de los usuarios, como por ejemplo almacenar el idioma, la moneda del pa\u00eds o detectar el dispositivo de acceso.<br \/>Establecen niveles de protecci\u00f3n y seguridad que Impiden o dificultan ciberataques contra el sitio web o sus usuarios.<br \/>Permiten que los gestores de los medios puedan conocer datos estad\u00edsticos recopilados para mejorar la calidad y experiencia de sus servicios.<br \/>Sirven para optimizar la publicidad que mostramos a los usuarios, ofreciendo la que m\u00e1s se ajusta a sus intereses.<\/p><h2>Autorizaci\u00f3n para el uso de cookies<\/h2><p>En el sitio web aparece un Aviso de Cookies que el usuario o visitante puede aceptar, consintiendo expresamente al uso de las cookies seg\u00fan se indica a continuaci\u00f3n.<br \/>El usuario puede configurar su navegador para rechazar por defecto todas las cookies o para recibir un aviso en pantalla de la recepci\u00f3n de cada cookie y decidir sobre su instalaci\u00f3n o no en su disco duro.<\/p><h2>Configuraci\u00f3n del navegador<\/h2><p>ARBEKAI ANAIAK S.L recuerda a sus usuarios que el uso de cookies podr\u00e1 estar sujeto a su aceptaci\u00f3n durante la instalaci\u00f3n o actualizaci\u00f3n del navegador utilizado por \u00e9stos.<br \/>Esta aceptaci\u00f3n podr\u00e1 ser revocada mediante las opciones de configuraci\u00f3n de contenidos y privacidad disponibles en el mismo. El Titular recomienda a sus usuarios que consulten la ayuda de su navegador o acceda a las p\u00e1ginas web de ayuda de los principales navegadores: Firefox, Internet Explorer, Safari, Chrome.<br \/>Si desea m\u00e1s informaci\u00f3n acerca de c\u00f3mo revocar el consentimiento prestado o sobre el procedimiento para deshabilitar las cookies, as\u00ed como realizar alguna pregunta sobre la Pol\u00edtica de Cookies, puede contactar con el titular a trav\u00e9s de la siguiente direcci\u00f3n de correo electr\u00f3nico arbekaianaiak@gmail.com indicando \u201cPol\u00edtica de Cookies\u201d en el asunto.<\/p><h2>Tipos de Cookies que se utilizan en la Web<\/h2><p>El usuario que navega por la Web puede encontrar cookies insertadas directamente por el titular, o bien cookies insertadas por entidades distintas al titular, seg\u00fan lo detallado en los siguientes apartados:<\/p><ul><li>Cookies de sesi\u00f3n, expiran cuando el usuario abandona la p\u00e1gina o cierra el navegador, es decir, est\u00e1n activas mientras dura la visita al sitio web y por tanto son borradas de nuestro ordenador al abandonarlo.<\/li><li>Cookies permanentes, expiran cuando se cumple el objetivo para el que sirven o bien cuando se borran manualmente, tienen fecha de borrado y se utilizan normalmente en proceso de compra online, personalizaciones o en el registro, para no tener que introducir una contrase\u00f1a constantemente.<\/li><\/ul><p>Seg\u00fan la entidad que gestiona el equipo o dominio desde donde se env\u00edan las cookies y trata los datos que se obtengan, podemos distinguir entre Cookies propias y de terceros.<\/p><ul><li>Cookies propias son aquellas cookies que son enviadas al ordenador del usuario y son gestionadas exclusivamente por nosotros para el mejor funcionamiento del Sitio Web. La informaci\u00f3n que recabamos se emplea para mejorar la calidad de nuestro servicio y tu experiencia como usuario.<\/li><li>Cookies de terceros, cuando el usuario interact\u00faa con el contenido de nuestro sitio Web tambi\u00e9n pueden establecerse cookies de terceros (por ejemplo, al pulsar botones de redes sociales o visionar v\u00eddeos alojados en otro sitio web), que son aquellas establecidas por un dominio diferente de nuestro Sitio Web. No podemos acceder a los datos almacenados en las cookies de otros sitios web cuando navegues en los citados sitios web.<\/li><\/ul><p>\u00a0<\/p><p>Navegar por este portal web supone que se puedan instalar los siguientes tipos de Cookies:<\/p><table><tbody><tr><th>TIPO DE COOKIE<\/th><th>DESCRIPCI\u00d3N<\/th><th>EJEMPLO DE USO<\/th><\/tr><tr><td>DE RENDIMIENTO<\/td><td>Estas cookies se utilizan para mejorar tu experiencia de navegaci\u00f3n y optimizar el funcionamiento de nuestros sitios web.<br \/>Almacenan configuraciones de servicios para que no tengas que reconfigurarlos cada vez que nos visitas.<\/td><td>\u2013 Ajustes de volumen de reproductores de video y sonido.<br \/>\u2013 Velocidades de trasmisi\u00f3n de videos \u00f3ptimas.<br \/>\u2013 Almacena la compra realizada en un \u201ccarrito de la compra\u201d en los servicios E-commerce.<\/td><\/tr><tr><td>DE GEOLOCALIZACION<\/td><td>Estas cookies se utilizan para almacenar datos de geolocalizaci\u00f3n del ordenador o dispositivos para ofrecerte contenidos y servicios m\u00e1s adecuados.<\/td><td>\u2013 Contenidos ajustados al pa\u00eds, ciudad, idioma, etc.<\/td><\/tr><tr><td>DE REGISTRO<\/td><td>Las cookies de registro se crean al registrarte o cuando inicias sesi\u00f3n en uno de nuestros portales web.<\/td><td>\u2013 Puedes mantenerte autenticado aunque cierres el navegador, as\u00ed cuando vuelvas seguir\u00e1s identificado a menos que te desconectes o cierres la sesi\u00f3n.<br \/>\u2013 Para acceder a ciertas zonas de nuestros portales web, por ejemplo para participar en un concurso.<\/td><\/tr><tr><td>ANAL\u00cdTICAS<\/td><td>Estas cookies recopilan informaci\u00f3n de tu experiencia de navegaci\u00f3n en nuestros portales web de forma totalmente an\u00f3nima.<\/td><td>\u2013 Podemos contabilizar el n\u00famero de visitantes.<br \/>\u2013 Podemos saber si el usuario repite visita.<br \/>\u2013 Esta informaci\u00f3n puede ayudarnos a mejorar la navegaci\u00f3n y mejorar el servicio.<\/td><\/tr><tr><td>DE PUBLICIDAD<\/td><td>Estas cookies recogen informaci\u00f3n sobre los anuncios mostrados a cada usuario an\u00f3nimo en los portales web.<\/td><td>\u2013 Adaptar la publicidad al tipo de dispositivo desde el que el usuario se est\u00e1 conectando.<br \/>\u2013 Proporcionar anuncios gestionados a trav\u00e9s de terceros que son mostrados en la p\u00e1gina en tiempo real.<\/td><\/tr><\/tbody><\/table>\t\t\t\t\t\t<\/div>\n\t\t\t\t<\/div>\n\t\t\t\t\t<\/div>\n\t\t\t\t<\/div>\n\t\t\t\t<\/div>","protected":false},"excerpt":{"rendered":"<p>POL\u00cdTICA DE COOKIES Concepto de Cookies Las cookies constituyen una herramienta empleada por los servidores Web para almacenar y recuperar informaci\u00f3n acerca de sus visitantes o usuarios. No es m\u00e1s que un fichero de texto que algunos servidores instalan durante la navegaci\u00f3n y que permiten conocer informaci\u00f3n como por ejemplo: el lugar desde el que [&hellip;]<\/p>","protected":false},"author":1,"featured_media":0,"parent":0,"menu_order":0,"comment_status":"closed","ping_status":"closed","template":"","meta":{"footnotes":""},"class_list":["post-104","page","type-page","status-publish","hentry"],"yoast_head":"<!-- This site is optimized with the Yoast SEO Premium plugin v22.0 (Yoast SEO v22.2) - https:\/\/yoast.com\/wordpress\/plugins\/seo\/ -->\n<title>Pol\u00edtica de Cookies - Arbekai | Venta de le\u00f1a en Navarra<\/title>\n<meta name=\"robots\" content=\"index, follow, max-snippet:-1, max-image-preview:large, max-video-preview:-1\" \/>\n<link rel=\"canonical\" href=\"https:\/\/arbekai.eus\/eu\/politica-de-cookies\/\" \/>\n<meta property=\"og:locale\" content=\"en_US\" \/>\n<meta property=\"og:type\" content=\"article\" \/>\n<meta property=\"og:title\" content=\"Pol\u00edtica de Cookies\" \/>\n<meta property=\"og:description\" content=\"POL\u00cdTICA DE COOKIES Concepto de Cookies Las cookies constituyen una herramienta empleada por los servidores Web para almacenar y recuperar informaci\u00f3n acerca de sus visitantes o usuarios. No es m\u00e1s que un fichero de texto que algunos servidores instalan durante la navegaci\u00f3n y que permiten conocer informaci\u00f3n como por ejemplo: el lugar desde el que [&hellip;]\" \/>\n<meta property=\"og:url\" content=\"https:\/\/arbekai.eus\/eu\/politica-de-cookies\/\" \/>\n<meta property=\"og:site_name\" content=\"Arbekai | Venta de le\u00f1a en Navarra\" \/>\n<meta property=\"article:modified_time\" content=\"2023-11-17T18:20:47+00:00\" \/>\n<meta property=\"og:image\" content=\"https:\/\/arbekai.eus\/wp-content\/uploads\/2024\/02\/dsc02263-scaled-1.webp\" \/>\n\t<meta property=\"og:image:width\" content=\"2560\" \/>\n\t<meta property=\"og:image:height\" content=\"1707\" \/>\n\t<meta property=\"og:image:type\" content=\"image\/webp\" \/>\n<meta name=\"twitter:card\" content=\"summary_large_image\" \/>\n<meta name=\"twitter:label1\" content=\"Est. reading time\" \/>\n\t<meta name=\"twitter:data1\" content=\"5 minutua\" \/>\n<script type=\"application\/ld+json\" class=\"yoast-schema-graph\">{\"@context\":\"https:\/\/schema.org\",\"@graph\":[{\"@type\":\"WebPage\",\"@id\":\"https:\/\/arbekai.eus\/politica-de-cookies\/\",\"url\":\"https:\/\/arbekai.eus\/politica-de-cookies\/\",\"name\":\"Pol\u00edtica de Cookies - Arbekai | Venta de le\u00f1a en Navarra\",\"isPartOf\":{\"@id\":\"https:\/\/arbekai.eus\/#website\"},\"datePublished\":\"2023-11-16T17:52:37+00:00\",\"dateModified\":\"2023-11-17T18:20:47+00:00\",\"breadcrumb\":{\"@id\":\"https:\/\/arbekai.eus\/politica-de-cookies\/#breadcrumb\"},\"inLanguage\":\"eu\",\"potentialAction\":[{\"@type\":\"ReadAction\",\"target\":[\"https:\/\/arbekai.eus\/politica-de-cookies\/\"]}]},{\"@type\":\"BreadcrumbList\",\"@id\":\"https:\/\/arbekai.eus\/politica-de-cookies\/#breadcrumb\",\"itemListElement\":[{\"@type\":\"ListItem\",\"position\":1,\"name\":\"Portada\",\"item\":\"https:\/\/arbekai.eus\/\"},{\"@type\":\"ListItem\",\"position\":2,\"name\":\"Pol\u00edtica de Cookies\"}]},{\"@type\":\"WebSite\",\"@id\":\"https:\/\/arbekai.eus\/#website\",\"url\":\"https:\/\/arbekai.eus\/\",\"name\":\"Arbekai | Venta de le\u00f1a en Navarra\",\"description\":\"Venta de le\u00f1a en Navarra\",\"publisher\":{\"@id\":\"https:\/\/arbekai.eus\/#organization\"},\"alternateName\":\"Arbekai\",\"potentialAction\":[{\"@type\":\"SearchAction\",\"target\":{\"@type\":\"EntryPoint\",\"urlTemplate\":\"https:\/\/arbekai.eus\/?s={search_term_string}\"},\"query-input\":\"required name=search_term_string\"}],\"inLanguage\":\"eu\"},{\"@type\":[\"Organization\",\"Place\"],\"@id\":\"https:\/\/arbekai.eus\/#organization\",\"name\":\"Arbekai | Venta de le\u00f1a en Navarra\",\"alternateName\":\"Arbekai\",\"url\":\"https:\/\/arbekai.eus\/\",\"logo\":{\"@id\":\"https:\/\/arbekai.eus\/politica-de-cookies\/#local-main-organization-logo\"},\"image\":{\"@id\":\"https:\/\/arbekai.eus\/politica-de-cookies\/#local-main-organization-logo\"},\"telephone\":[],\"openingHoursSpecification\":[{\"@type\":\"OpeningHoursSpecification\",\"dayOfWeek\":[\"Monday\",\"Tuesday\",\"Wednesday\",\"Thursday\",\"Friday\",\"Saturday\",\"Sunday\"],\"opens\":\"09:00\",\"closes\":\"17:00\"}]},{\"@type\":\"ImageObject\",\"inLanguage\":\"eu\",\"@id\":\"https:\/\/arbekai.eus\/politica-de-cookies\/#local-main-organization-logo\",\"url\":\"https:\/\/arbekai.eus\/wp-content\/uploads\/2023\/11\/Logo_texto556x100.png\",\"contentUrl\":\"https:\/\/arbekai.eus\/wp-content\/uploads\/2023\/11\/Logo_texto556x100.png\",\"width\":556,\"height\":100,\"caption\":\"Arbekai | Venta de le\u00f1a en Navarra\"}]}<\/script>\n<!-- \/ Yoast SEO Premium plugin. -->","yoast_head_json":{"title":"Pol\u00edtica de Cookies - Arbekai | Venta de le\u00f1a en Navarra","robots":{"index":"index","follow":"follow","max-snippet":"max-snippet:-1","max-image-preview":"max-image-preview:large","max-video-preview":"max-video-preview:-1"},"canonical":"https:\/\/arbekai.eus\/eu\/politica-de-cookies\/","og_locale":"en_US","og_type":"article","og_title":"Pol\u00edtica de Cookies","og_description":"POL\u00cdTICA DE COOKIES Concepto de Cookies Las cookies constituyen una herramienta empleada por los servidores Web para almacenar y recuperar informaci\u00f3n acerca de sus visitantes o usuarios. No es m\u00e1s que un fichero de texto que algunos servidores instalan durante la navegaci\u00f3n y que permiten conocer informaci\u00f3n como por ejemplo: el lugar desde el que [&hellip;]","og_url":"https:\/\/arbekai.eus\/eu\/politica-de-cookies\/","og_site_name":"Arbekai | Venta de le\u00f1a en Navarra","article_modified_time":"2023-11-17T18:20:47+00:00","og_image":[{"width":2560,"height":1707,"url":"https:\/\/arbekai.eus\/wp-content\/uploads\/2024\/02\/dsc02263-scaled-1.webp","type":"image\/webp"}],"twitter_card":"summary_large_image","twitter_misc":{"Est. reading time":"5 minutua"},"schema":{"@context":"https:\/\/schema.org","@graph":[{"@type":"WebPage","@id":"https:\/\/arbekai.eus\/politica-de-cookies\/","url":"https:\/\/arbekai.eus\/politica-de-cookies\/","name":"Pol\u00edtica de Cookies - Arbekai | Venta de le\u00f1a en Navarra","isPartOf":{"@id":"https:\/\/arbekai.eus\/#website"},"datePublished":"2023-11-16T17:52:37+00:00","dateModified":"2023-11-17T18:20:47+00:00","breadcrumb":{"@id":"https:\/\/arbekai.eus\/politica-de-cookies\/#breadcrumb"},"inLanguage":"eu","potentialAction":[{"@type":"ReadAction","target":["https:\/\/arbekai.eus\/politica-de-cookies\/"]}]},{"@type":"BreadcrumbList","@id":"https:\/\/arbekai.eus\/politica-de-cookies\/#breadcrumb","itemListElement":[{"@type":"ListItem","position":1,"name":"Portada","item":"https:\/\/arbekai.eus\/"},{"@type":"ListItem","position":2,"name":"Pol\u00edtica de Cookies"}]},{"@type":"WebSite","@id":"https:\/\/arbekai.eus\/#website","url":"https:\/\/arbekai.eus\/","name":"Arbekai | Venta de le\u00f1a en Navarra","description":"Venta de le\u00f1a en Navarra","publisher":{"@id":"https:\/\/arbekai.eus\/#organization"},"alternateName":"Arbekai","potentialAction":[{"@type":"SearchAction","target":{"@type":"EntryPoint","urlTemplate":"https:\/\/arbekai.eus\/?s={search_term_string}"},"query-input":"required name=search_term_string"}],"inLanguage":"eu"},{"@type":["Organization","Place"],"@id":"https:\/\/arbekai.eus\/#organization","name":"Arbekai | Venta de le\u00f1a en Navarra","alternateName":"Arbekai","url":"https:\/\/arbekai.eus\/","logo":{"@id":"https:\/\/arbekai.eus\/politica-de-cookies\/#local-main-organization-logo"},"image":{"@id":"https:\/\/arbekai.eus\/politica-de-cookies\/#local-main-organization-logo"},"telephone":[],"openingHoursSpecification":[{"@type":"OpeningHoursSpecification","dayOfWeek":["Monday","Tuesday","Wednesday","Thursday","Friday","Saturday","Sunday"],"opens":"09:00","closes":"17:00"}]},{"@type":"ImageObject","inLanguage":"eu","@id":"https:\/\/arbekai.eus\/politica-de-cookies\/#local-main-organization-logo","url":"https:\/\/arbekai.eus\/wp-content\/uploads\/2023\/11\/Logo_texto556x100.png","contentUrl":"https:\/\/arbekai.eus\/wp-content\/uploads\/2023\/11\/Logo_texto556x100.png","width":556,"height":100,"caption":"Arbekai | Venta de le\u00f1a en Navarra"}]}},"_links":{"self":[{"href":"https:\/\/arbekai.eus\/eu\/wp-json\/wp\/v2\/pages\/104","targetHints":{"allow":["GET"]}}],"collection":[{"href":"https:\/\/arbekai.eus\/eu\/wp-json\/wp\/v2\/pages"}],"about":[{"href":"https:\/\/arbekai.eus\/eu\/wp-json\/wp\/v2\/types\/page"}],"author":[{"embeddable":true,"href":"https:\/\/arbekai.eus\/eu\/wp-json\/wp\/v2\/users\/1"}],"replies":[{"embeddable":true,"href":"https:\/\/arbekai.eus\/eu\/wp-json\/wp\/v2\/comments?post=104"}],"version-history":[{"count":13,"href":"https:\/\/arbekai.eus\/eu\/wp-json\/wp\/v2\/pages\/104\/revisions"}],"predecessor-version":[{"id":305,"href":"https:\/\/arbekai.eus\/eu\/wp-json\/wp\/v2\/pages\/104\/revisions\/305"}],"wp:attachment":[{"href":"https:\/\/arbekai.eus\/eu\/wp-json\/wp\/v2\/media?parent=104"}],"curies":[{"name":"wp","href":"https:\/\/api.w.org\/{rel}","templated":true}]}}